{"id":7,"date":"2025-06-13T16:12:04","date_gmt":"2025-06-13T16:12:04","guid":{"rendered":"https:\/\/antalyabilgisayaralimsatim.com\/?page_id=7"},"modified":"2025-06-14T15:38:41","modified_gmt":"2025-06-14T15:38:41","slug":"home","status":"publish","type":"page","link":"https:\/\/antalyabilgisayaralimsatim.com\/","title":{"rendered":"Zenx Bili\u015fim"},"content":{"rendered":"","protected":false},"excerpt":{"rendered":"","protected":false},"author":1,"featured_media":0,"parent":0,"menu_order":0,"comment_status":"closed","ping_status":"closed","template":"templates\/template-homepage.php","meta":{"footnotes":""},"class_list":["post-7","page","type-page","status-publish","hentry"],"yoast_head":"<!-- This site is optimized with the Yoast SEO plugin v25.3 - https:\/\/yoast.com\/wordpress\/plugins\/seo\/ -->\n<title>Zenx Bili\u015fim - Antalya&#039;da Bilgisayarlar\u0131n\u0131z De\u011ferinden Nakit Al\u0131n\u0131r<\/title>\n<meta name=\"robots\" content=\"index, follow, max-snippet:-1, max-image-preview:large, max-video-preview:-1\" \/>\n<link rel=\"canonical\" href=\"https:\/\/antalyabilgisayaralimsatim.com\/\" \/>\n<meta property=\"og:locale\" content=\"tr_TR\" \/>\n<meta property=\"og:type\" content=\"article\" \/>\n<meta property=\"og:title\" content=\"Zenx Bili\u015fim - Antalya&#039;da Bilgisayarlar\u0131n\u0131z De\u011ferinden Nakit Al\u0131n\u0131r\" \/>\n<meta property=\"og:url\" content=\"https:\/\/antalyabilgisayaralimsatim.com\/\" \/>\n<meta property=\"og:site_name\" content=\"Antalya&#039;da Bilgisayarlar\u0131n\u0131z De\u011ferinden Nakit Al\u0131n\u0131r\" \/>\n<meta property=\"article:modified_time\" content=\"2025-06-14T15:38:41+00:00\" \/>\n<meta name=\"twitter:card\" content=\"summary_large_image\" \/>\n<script type=\"application\/ld+json\" class=\"yoast-schema-graph\">{\"@context\":\"https:\/\/schema.org\",\"@graph\":[{\"@type\":\"WebPage\",\"@id\":\"https:\/\/antalyabilgisayaralimsatim.com\/\",\"url\":\"https:\/\/antalyabilgisayaralimsatim.com\/\",\"name\":\"Zenx Bili\u015fim - Antalya&#039;da Bilgisayarlar\u0131n\u0131z De\u011ferinden Nakit Al\u0131n\u0131r\",\"isPartOf\":{\"@id\":\"https:\/\/antalyabilgisayaralimsatim.com\/#website\"},\"datePublished\":\"2025-06-13T16:12:04+00:00\",\"dateModified\":\"2025-06-14T15:38:41+00:00\",\"breadcrumb\":{\"@id\":\"https:\/\/antalyabilgisayaralimsatim.com\/#breadcrumb\"},\"inLanguage\":\"tr\",\"potentialAction\":[{\"@type\":\"ReadAction\",\"target\":[\"https:\/\/antalyabilgisayaralimsatim.com\/\"]}]},{\"@type\":\"BreadcrumbList\",\"@id\":\"https:\/\/antalyabilgisayaralimsatim.com\/#breadcrumb\",\"itemListElement\":[{\"@type\":\"ListItem\",\"position\":1,\"name\":\"Anasayfa\",\"item\":\"https:\/\/antalyabilgisayaralimsatim.com\/\"},{\"@type\":\"ListItem\",\"position\":2,\"name\":\"Zenx Bili\u015fim\"}]},{\"@type\":\"WebSite\",\"@id\":\"https:\/\/antalyabilgisayaralimsatim.com\/#website\",\"url\":\"https:\/\/antalyabilgisayaralimsatim.com\/\",\"name\":\"Antalya&#039;da Bilgisayarlar\u0131n\u0131z De\u011ferinden Nakit Al\u0131n\u0131r\",\"description\":\"\",\"publisher\":{\"@id\":\"https:\/\/antalyabilgisayaralimsatim.com\/#organization\"},\"potentialAction\":[{\"@type\":\"SearchAction\",\"target\":{\"@type\":\"EntryPoint\",\"urlTemplate\":\"https:\/\/antalyabilgisayaralimsatim.com\/?s={search_term_string}\"},\"query-input\":{\"@type\":\"PropertyValueSpecification\",\"valueRequired\":true,\"valueName\":\"search_term_string\"}}],\"inLanguage\":\"tr\"},{\"@type\":\"Organization\",\"@id\":\"https:\/\/antalyabilgisayaralimsatim.com\/#organization\",\"name\":\"Antalya&#039;da Bilgisayarlar\u0131n\u0131z De\u011ferinden Nakit Al\u0131n\u0131r\",\"url\":\"https:\/\/antalyabilgisayaralimsatim.com\/\",\"logo\":{\"@type\":\"ImageObject\",\"inLanguage\":\"tr\",\"@id\":\"https:\/\/antalyabilgisayaralimsatim.com\/#\/schema\/logo\/image\/\",\"url\":\"https:\/\/antalyabilgisayaralimsatim.com\/wp-content\/uploads\/2025\/06\/cropped-0dc4eb687fb31eefd1dc30a0ae1eeae0cd4960e3-1.png\",\"contentUrl\":\"https:\/\/antalyabilgisayaralimsatim.com\/wp-content\/uploads\/2025\/06\/cropped-0dc4eb687fb31eefd1dc30a0ae1eeae0cd4960e3-1.png\",\"width\":240,\"height\":62,\"caption\":\"Antalya&#039;da Bilgisayarlar\u0131n\u0131z De\u011ferinden Nakit Al\u0131n\u0131r\"},\"image\":{\"@id\":\"https:\/\/antalyabilgisayaralimsatim.com\/#\/schema\/logo\/image\/\"}}]}<\/script>\n<!-- \/ Yoast SEO plugin. -->","yoast_head_json":{"title":"Zenx Bili\u015fim - Antalya&#039;da Bilgisayarlar\u0131n\u0131z De\u011ferinden Nakit Al\u0131n\u0131r","robots":{"index":"index","follow":"follow","max-snippet":"max-snippet:-1","max-image-preview":"max-image-preview:large","max-video-preview":"max-video-preview:-1"},"canonical":"https:\/\/antalyabilgisayaralimsatim.com\/","og_locale":"tr_TR","og_type":"article","og_title":"Zenx Bili\u015fim - Antalya&#039;da Bilgisayarlar\u0131n\u0131z De\u011ferinden Nakit Al\u0131n\u0131r","og_url":"https:\/\/antalyabilgisayaralimsatim.com\/","og_site_name":"Antalya&#039;da Bilgisayarlar\u0131n\u0131z De\u011ferinden Nakit Al\u0131n\u0131r","article_modified_time":"2025-06-14T15:38:41+00:00","twitter_card":"summary_large_image","schema":{"@context":"https:\/\/schema.org","@graph":[{"@type":"WebPage","@id":"https:\/\/antalyabilgisayaralimsatim.com\/","url":"https:\/\/antalyabilgisayaralimsatim.com\/","name":"Zenx Bili\u015fim - Antalya&#039;da Bilgisayarlar\u0131n\u0131z De\u011ferinden Nakit Al\u0131n\u0131r","isPartOf":{"@id":"https:\/\/antalyabilgisayaralimsatim.com\/#website"},"datePublished":"2025-06-13T16:12:04+00:00","dateModified":"2025-06-14T15:38:41+00:00","breadcrumb":{"@id":"https:\/\/antalyabilgisayaralimsatim.com\/#breadcrumb"},"inLanguage":"tr","potentialAction":[{"@type":"ReadAction","target":["https:\/\/antalyabilgisayaralimsatim.com\/"]}]},{"@type":"BreadcrumbList","@id":"https:\/\/antalyabilgisayaralimsatim.com\/#breadcrumb","itemListElement":[{"@type":"ListItem","position":1,"name":"Anasayfa","item":"https:\/\/antalyabilgisayaralimsatim.com\/"},{"@type":"ListItem","position":2,"name":"Zenx Bili\u015fim"}]},{"@type":"WebSite","@id":"https:\/\/antalyabilgisayaralimsatim.com\/#website","url":"https:\/\/antalyabilgisayaralimsatim.com\/","name":"Antalya&#039;da Bilgisayarlar\u0131n\u0131z De\u011ferinden Nakit Al\u0131n\u0131r","description":"","publisher":{"@id":"https:\/\/antalyabilgisayaralimsatim.com\/#organization"},"potentialAction":[{"@type":"SearchAction","target":{"@type":"EntryPoint","urlTemplate":"https:\/\/antalyabilgisayaralimsatim.com\/?s={search_term_string}"},"query-input":{"@type":"PropertyValueSpecification","valueRequired":true,"valueName":"search_term_string"}}],"inLanguage":"tr"},{"@type":"Organization","@id":"https:\/\/antalyabilgisayaralimsatim.com\/#organization","name":"Antalya&#039;da Bilgisayarlar\u0131n\u0131z De\u011ferinden Nakit Al\u0131n\u0131r","url":"https:\/\/antalyabilgisayaralimsatim.com\/","logo":{"@type":"ImageObject","inLanguage":"tr","@id":"https:\/\/antalyabilgisayaralimsatim.com\/#\/schema\/logo\/image\/","url":"https:\/\/antalyabilgisayaralimsatim.com\/wp-content\/uploads\/2025\/06\/cropped-0dc4eb687fb31eefd1dc30a0ae1eeae0cd4960e3-1.png","contentUrl":"https:\/\/antalyabilgisayaralimsatim.com\/wp-content\/uploads\/2025\/06\/cropped-0dc4eb687fb31eefd1dc30a0ae1eeae0cd4960e3-1.png","width":240,"height":62,"caption":"Antalya&#039;da Bilgisayarlar\u0131n\u0131z De\u011ferinden Nakit Al\u0131n\u0131r"},"image":{"@id":"https:\/\/antalyabilgisayaralimsatim.com\/#\/schema\/logo\/image\/"}}]}},"_links":{"self":[{"href":"https:\/\/antalyabilgisayaralimsatim.com\/index.php?rest_route=\/wp\/v2\/pages\/7","targetHints":{"allow":["GET"]}}],"collection":[{"href":"https:\/\/antalyabilgisayaralimsatim.com\/index.php?rest_route=\/wp\/v2\/pages"}],"about":[{"href":"https:\/\/antalyabilgisayaralimsatim.com\/index.php?rest_route=\/wp\/v2\/types\/page"}],"author":[{"embeddable":true,"href":"https:\/\/antalyabilgisayaralimsatim.com\/index.php?rest_route=\/wp\/v2\/users\/1"}],"replies":[{"embeddable":true,"href":"https:\/\/antalyabilgisayaralimsatim.com\/index.php?rest_route=%2Fwp%2Fv2%2Fcomments&post=7"}],"version-history":[{"count":1,"href":"https:\/\/antalyabilgisayaralimsatim.com\/index.php?rest_route=\/wp\/v2\/pages\/7\/revisions"}],"predecessor-version":[{"id":45,"href":"https:\/\/antalyabilgisayaralimsatim.com\/index.php?rest_route=\/wp\/v2\/pages\/7\/revisions\/45"}],"wp:attachment":[{"href":"https:\/\/antalyabilgisayaralimsatim.com\/index.php?rest_route=%2Fwp%2Fv2%2Fmedia&parent=7"}],"curies":[{"name":"wp","href":"https:\/\/api.w.org\/{rel}","templated":true}]}}