{"id":26,"date":"2025-06-13T16:26:25","date_gmt":"2025-06-13T16:26:25","guid":{"rendered":"https:\/\/antalyabilgisayaralimsatim.com\/?page_id=26"},"modified":"2025-06-16T07:29:20","modified_gmt":"2025-06-16T07:29:20","slug":"hemen-al","status":"publish","type":"page","link":"https:\/\/antalyabilgisayaralimsatim.com\/?page_id=26","title":{"rendered":"Hemen Al"},"content":{"rendered":"\n<h2 class=\"wp-block-heading\">T\u00fcm Yenilenmi\u015f \u00dcr\u00fcn<br>Se\u00e7eneklerimizi \u0130nceleyin<\/h2>\n\n\n\n<p>T\u00fcm \u00fcr\u00fcn adlar\u0131, logolar ve markalar ilgili sahiplerinin m\u00fclkiyetindedir. Bu web sitesinde kullan\u0131lan t\u00fcm \u015firket, \u00fcr\u00fcn ve hizmet adlar\u0131 yaln\u0131zca tan\u0131mlama ama\u00e7l\u0131d\u0131r.<\/p>\n","protected":false},"excerpt":{"rendered":"<p>T\u00fcm Yenilenmi\u015f \u00dcr\u00fcnSe\u00e7eneklerimizi \u0130nceleyin T\u00fcm \u00fcr\u00fcn adlar\u0131, logolar ve markalar ilgili sahiplerinin m\u00fclkiyetindedir. Bu web sitesinde kullan\u0131lan t\u00fcm \u015firket, \u00fcr\u00fcn ve hizmet adlar\u0131 yaln\u0131zca tan\u0131mlama ama\u00e7l\u0131d\u0131r.<\/p>\n","protected":false},"author":1,"featured_media":0,"parent":0,"menu_order":2,"comment_status":"closed","ping_status":"closed","template":"templates\/template-page-full-width.php","meta":{"footnotes":""},"class_list":["post-26","page","type-page","status-publish","hentry"],"yoast_head":"<!-- This site is optimized with the Yoast SEO plugin v25.3 - https:\/\/yoast.com\/wordpress\/plugins\/seo\/ -->\n<title>Hemen Al - Antalya&#039;da Bilgisayarlar\u0131n\u0131z De\u011ferinden Nakit Al\u0131n\u0131r<\/title>\n<meta name=\"robots\" content=\"index, follow, max-snippet:-1, max-image-preview:large, max-video-preview:-1\" \/>\n<link rel=\"canonical\" href=\"https:\/\/antalyabilgisayaralimsatim.com\/?page_id=26\" \/>\n<meta property=\"og:locale\" content=\"tr_TR\" \/>\n<meta property=\"og:type\" content=\"article\" \/>\n<meta property=\"og:title\" content=\"Hemen Al - Antalya&#039;da Bilgisayarlar\u0131n\u0131z De\u011ferinden Nakit Al\u0131n\u0131r\" \/>\n<meta property=\"og:description\" content=\"T\u00fcm Yenilenmi\u015f \u00dcr\u00fcnSe\u00e7eneklerimizi \u0130nceleyin T\u00fcm \u00fcr\u00fcn adlar\u0131, logolar ve markalar ilgili sahiplerinin m\u00fclkiyetindedir. Bu web sitesinde kullan\u0131lan t\u00fcm \u015firket, \u00fcr\u00fcn ve hizmet adlar\u0131 yaln\u0131zca tan\u0131mlama ama\u00e7l\u0131d\u0131r.\" \/>\n<meta property=\"og:url\" content=\"https:\/\/antalyabilgisayaralimsatim.com\/?page_id=26\" \/>\n<meta property=\"og:site_name\" content=\"Antalya&#039;da Bilgisayarlar\u0131n\u0131z De\u011ferinden Nakit Al\u0131n\u0131r\" \/>\n<meta property=\"article:modified_time\" content=\"2025-06-16T07:29:20+00:00\" \/>\n<meta name=\"twitter:card\" content=\"summary_large_image\" \/>\n<meta name=\"twitter:label1\" content=\"Tahmini okuma s\u00fcresi\" \/>\n\t<meta name=\"twitter:data1\" content=\"1 dakika\" \/>\n<script type=\"application\/ld+json\" class=\"yoast-schema-graph\">{\"@context\":\"https:\/\/schema.org\",\"@graph\":[{\"@type\":\"WebPage\",\"@id\":\"https:\/\/antalyabilgisayaralimsatim.com\/?page_id=26\",\"url\":\"https:\/\/antalyabilgisayaralimsatim.com\/?page_id=26\",\"name\":\"Hemen Al - Antalya&#039;da Bilgisayarlar\u0131n\u0131z De\u011ferinden Nakit Al\u0131n\u0131r\",\"isPartOf\":{\"@id\":\"https:\/\/antalyabilgisayaralimsatim.com\/#website\"},\"datePublished\":\"2025-06-13T16:26:25+00:00\",\"dateModified\":\"2025-06-16T07:29:20+00:00\",\"breadcrumb\":{\"@id\":\"https:\/\/antalyabilgisayaralimsatim.com\/?page_id=26#breadcrumb\"},\"inLanguage\":\"tr\",\"potentialAction\":[{\"@type\":\"ReadAction\",\"target\":[\"https:\/\/antalyabilgisayaralimsatim.com\/?page_id=26\"]}]},{\"@type\":\"BreadcrumbList\",\"@id\":\"https:\/\/antalyabilgisayaralimsatim.com\/?page_id=26#breadcrumb\",\"itemListElement\":[{\"@type\":\"ListItem\",\"position\":1,\"name\":\"Anasayfa\",\"item\":\"https:\/\/antalyabilgisayaralimsatim.com\/\"},{\"@type\":\"ListItem\",\"position\":2,\"name\":\"Hemen Al\"}]},{\"@type\":\"WebSite\",\"@id\":\"https:\/\/antalyabilgisayaralimsatim.com\/#website\",\"url\":\"https:\/\/antalyabilgisayaralimsatim.com\/\",\"name\":\"Antalya&#039;da Bilgisayarlar\u0131n\u0131z De\u011ferinden Nakit Al\u0131n\u0131r\",\"description\":\"\",\"publisher\":{\"@id\":\"https:\/\/antalyabilgisayaralimsatim.com\/#organization\"},\"potentialAction\":[{\"@type\":\"SearchAction\",\"target\":{\"@type\":\"EntryPoint\",\"urlTemplate\":\"https:\/\/antalyabilgisayaralimsatim.com\/?s={search_term_string}\"},\"query-input\":{\"@type\":\"PropertyValueSpecification\",\"valueRequired\":true,\"valueName\":\"search_term_string\"}}],\"inLanguage\":\"tr\"},{\"@type\":\"Organization\",\"@id\":\"https:\/\/antalyabilgisayaralimsatim.com\/#organization\",\"name\":\"Antalya&#039;da Bilgisayarlar\u0131n\u0131z De\u011ferinden Nakit Al\u0131n\u0131r\",\"url\":\"https:\/\/antalyabilgisayaralimsatim.com\/\",\"logo\":{\"@type\":\"ImageObject\",\"inLanguage\":\"tr\",\"@id\":\"https:\/\/antalyabilgisayaralimsatim.com\/#\/schema\/logo\/image\/\",\"url\":\"https:\/\/antalyabilgisayaralimsatim.com\/wp-content\/uploads\/2025\/06\/cropped-0dc4eb687fb31eefd1dc30a0ae1eeae0cd4960e3-1.png\",\"contentUrl\":\"https:\/\/antalyabilgisayaralimsatim.com\/wp-content\/uploads\/2025\/06\/cropped-0dc4eb687fb31eefd1dc30a0ae1eeae0cd4960e3-1.png\",\"width\":240,\"height\":62,\"caption\":\"Antalya&#039;da Bilgisayarlar\u0131n\u0131z De\u011ferinden Nakit Al\u0131n\u0131r\"},\"image\":{\"@id\":\"https:\/\/antalyabilgisayaralimsatim.com\/#\/schema\/logo\/image\/\"}}]}<\/script>\n<!-- \/ Yoast SEO plugin. -->","yoast_head_json":{"title":"Hemen Al - Antalya&#039;da Bilgisayarlar\u0131n\u0131z De\u011ferinden Nakit Al\u0131n\u0131r","robots":{"index":"index","follow":"follow","max-snippet":"max-snippet:-1","max-image-preview":"max-image-preview:large","max-video-preview":"max-video-preview:-1"},"canonical":"https:\/\/antalyabilgisayaralimsatim.com\/?page_id=26","og_locale":"tr_TR","og_type":"article","og_title":"Hemen Al - Antalya&#039;da Bilgisayarlar\u0131n\u0131z De\u011ferinden Nakit Al\u0131n\u0131r","og_description":"T\u00fcm Yenilenmi\u015f \u00dcr\u00fcnSe\u00e7eneklerimizi \u0130nceleyin T\u00fcm \u00fcr\u00fcn adlar\u0131, logolar ve markalar ilgili sahiplerinin m\u00fclkiyetindedir. Bu web sitesinde kullan\u0131lan t\u00fcm \u015firket, \u00fcr\u00fcn ve hizmet adlar\u0131 yaln\u0131zca tan\u0131mlama ama\u00e7l\u0131d\u0131r.","og_url":"https:\/\/antalyabilgisayaralimsatim.com\/?page_id=26","og_site_name":"Antalya&#039;da Bilgisayarlar\u0131n\u0131z De\u011ferinden Nakit Al\u0131n\u0131r","article_modified_time":"2025-06-16T07:29:20+00:00","twitter_card":"summary_large_image","twitter_misc":{"Tahmini okuma s\u00fcresi":"1 dakika"},"schema":{"@context":"https:\/\/schema.org","@graph":[{"@type":"WebPage","@id":"https:\/\/antalyabilgisayaralimsatim.com\/?page_id=26","url":"https:\/\/antalyabilgisayaralimsatim.com\/?page_id=26","name":"Hemen Al - Antalya&#039;da Bilgisayarlar\u0131n\u0131z De\u011ferinden Nakit Al\u0131n\u0131r","isPartOf":{"@id":"https:\/\/antalyabilgisayaralimsatim.com\/#website"},"datePublished":"2025-06-13T16:26:25+00:00","dateModified":"2025-06-16T07:29:20+00:00","breadcrumb":{"@id":"https:\/\/antalyabilgisayaralimsatim.com\/?page_id=26#breadcrumb"},"inLanguage":"tr","potentialAction":[{"@type":"ReadAction","target":["https:\/\/antalyabilgisayaralimsatim.com\/?page_id=26"]}]},{"@type":"BreadcrumbList","@id":"https:\/\/antalyabilgisayaralimsatim.com\/?page_id=26#breadcrumb","itemListElement":[{"@type":"ListItem","position":1,"name":"Anasayfa","item":"https:\/\/antalyabilgisayaralimsatim.com\/"},{"@type":"ListItem","position":2,"name":"Hemen Al"}]},{"@type":"WebSite","@id":"https:\/\/antalyabilgisayaralimsatim.com\/#website","url":"https:\/\/antalyabilgisayaralimsatim.com\/","name":"Antalya&#039;da Bilgisayarlar\u0131n\u0131z De\u011ferinden Nakit Al\u0131n\u0131r","description":"","publisher":{"@id":"https:\/\/antalyabilgisayaralimsatim.com\/#organization"},"potentialAction":[{"@type":"SearchAction","target":{"@type":"EntryPoint","urlTemplate":"https:\/\/antalyabilgisayaralimsatim.com\/?s={search_term_string}"},"query-input":{"@type":"PropertyValueSpecification","valueRequired":true,"valueName":"search_term_string"}}],"inLanguage":"tr"},{"@type":"Organization","@id":"https:\/\/antalyabilgisayaralimsatim.com\/#organization","name":"Antalya&#039;da Bilgisayarlar\u0131n\u0131z De\u011ferinden Nakit Al\u0131n\u0131r","url":"https:\/\/antalyabilgisayaralimsatim.com\/","logo":{"@type":"ImageObject","inLanguage":"tr","@id":"https:\/\/antalyabilgisayaralimsatim.com\/#\/schema\/logo\/image\/","url":"https:\/\/antalyabilgisayaralimsatim.com\/wp-content\/uploads\/2025\/06\/cropped-0dc4eb687fb31eefd1dc30a0ae1eeae0cd4960e3-1.png","contentUrl":"https:\/\/antalyabilgisayaralimsatim.com\/wp-content\/uploads\/2025\/06\/cropped-0dc4eb687fb31eefd1dc30a0ae1eeae0cd4960e3-1.png","width":240,"height":62,"caption":"Antalya&#039;da Bilgisayarlar\u0131n\u0131z De\u011ferinden Nakit Al\u0131n\u0131r"},"image":{"@id":"https:\/\/antalyabilgisayaralimsatim.com\/#\/schema\/logo\/image\/"}}]}},"_links":{"self":[{"href":"https:\/\/antalyabilgisayaralimsatim.com\/index.php?rest_route=\/wp\/v2\/pages\/26","targetHints":{"allow":["GET"]}}],"collection":[{"href":"https:\/\/antalyabilgisayaralimsatim.com\/index.php?rest_route=\/wp\/v2\/pages"}],"about":[{"href":"https:\/\/antalyabilgisayaralimsatim.com\/index.php?rest_route=\/wp\/v2\/types\/page"}],"author":[{"embeddable":true,"href":"https:\/\/antalyabilgisayaralimsatim.com\/index.php?rest_route=\/wp\/v2\/users\/1"}],"replies":[{"embeddable":true,"href":"https:\/\/antalyabilgisayaralimsatim.com\/index.php?rest_route=%2Fwp%2Fv2%2Fcomments&post=26"}],"version-history":[{"count":2,"href":"https:\/\/antalyabilgisayaralimsatim.com\/index.php?rest_route=\/wp\/v2\/pages\/26\/revisions"}],"predecessor-version":[{"id":48,"href":"https:\/\/antalyabilgisayaralimsatim.com\/index.php?rest_route=\/wp\/v2\/pages\/26\/revisions\/48"}],"wp:attachment":[{"href":"https:\/\/antalyabilgisayaralimsatim.com\/index.php?rest_route=%2Fwp%2Fv2%2Fmedia&parent=26"}],"curies":[{"name":"wp","href":"https:\/\/api.w.org\/{rel}","templated":true}]}}