{"id":23,"date":"2025-06-13T16:26:16","date_gmt":"2025-06-13T16:26:16","guid":{"rendered":"https:\/\/antalyabilgisayaralimsatim.com\/?page_id=23"},"modified":"2025-06-16T07:27:48","modified_gmt":"2025-06-16T07:27:48","slug":"hemen-sat","status":"publish","type":"page","link":"https:\/\/antalyabilgisayaralimsatim.com\/?page_id=23","title":{"rendered":"Hemen Sat"},"content":{"rendered":"\n<h1 class=\"wp-block-heading\">Laptop<\/h1>\n\n\n\n<p><a href=\"https:\/\/www.efesbilisim.com\/laptop-alan-yerler\/\"><strong>Laptop Alan Yerler<\/strong><\/a>\u00a0aras\u0131nda Zenx Bili\u015fim\u00a0olarak uzman ekibimiz ile siz de\u011ferli m\u00fc\u015fterilerimizin\u00a0<em>S\u0131f\u0131r<\/em>,\u00a0<em>2. El<\/em>,\u00a0<em>Ar\u0131zal\u0131<\/em>,\u00a0<em>Bozuk<\/em>\u00a0Olan T\u00fcm laptop modellerinizin teknik servis ve sat\u0131n al\u0131m hizmetini yapmaktay\u0131z. Sizlerde\u00a0<strong>Laptop Satmak \u0130stiyorum<\/strong>\u00a0diyorsan\u0131z bizler profesyonel olarak siz de\u011ferli m\u00fc\u015fterilerimize\u00a0Antalya geneli hizmet vermekteyiz.\u00a0<strong>1 saat i\u00e7inde adresinizden nakit sat\u0131n al\u0131m hizmeti vermekteyiz.\u00a0<\/strong>Her marka model eski, kullan\u0131lm\u0131\u015f, ikinci el notebook, laptop, diz\u00fcst\u00fc 2. el bilgisayar al\u0131yoruz.<\/p>\n\n\n\n<p><\/p>\n\n\n\n<h1 class=\"wp-block-heading\">Cep Telefonu<\/h1>\n\n\n\n<p><a href=\"https:\/\/www.efesbilisim.com\/cep-telefonu-alan-yerler\/\"><strong>Cep telefonu alan yerler<\/strong><\/a>\u00a0aras\u0131nda\u00a0Zenx Bili\u015fim\u00a0olarak en y\u00fcksek fiyata cep telefonu sat\u0131n al\u0131yoruz. Model ve marka ayr\u0131m\u0131 yapmaks\u0131z\u0131n, cep telefonunuzu de\u011ferlendiriyor ve h\u0131zl\u0131 nakit \u00f6deme imkan\u0131 sunuyoruz. Efes Bili\u015fim ile cep telefonu sat\u0131\u015f\u0131, g\u00fcvenli ve h\u0131zl\u0131 !<\/p>\n\n\n\n<p>Eski Telefonunuzu Sat\u0131n Al\u0131yoruz! Zenx Bili\u015fim ,\u00a0<strong>ikinci el telefon alan yerler<\/strong>\u00a0aras\u0131nda en \u00e7ok tercih edilen firmad\u0131r. Satmak istedi\u011finiz kullan\u0131lm\u0131\u015f telefonlar\u0131 Zenx Bili\u015fim \u201c<em><strong>Hemen Sat<\/strong><\/em>\u201d sayfas\u0131nda sizlere sordu\u011fumuz sorular\u0131 cevaplayarak h\u0131zl\u0131 bir \u015fekilde sat\u0131\u015f talebi olu\u015fturabilirsiniz. Kullan\u0131c\u0131lar\u0131n satmak istedi\u011fi ikinci el telefonlar\u0131 tam de\u011ferinde sat\u0131n almaktad\u0131r.<\/p>\n\n\n\n<p><\/p>\n\n\n\n<h1 class=\"wp-block-heading\">Tablet<\/h1>\n\n\n\n<p><a href=\"https:\/\/www.efesbilisim.com\/tablet-alan-yerler\/\"><strong>Tablet Alan Yerler<\/strong><\/a>\u00a0aras\u0131nda\u00a0Zenx Bili\u015fim\u00a0olarak Tabletlerinizi h\u0131zl\u0131 ve g\u00fcvenilir bir \u015fekilde nakde \u00e7eviriyoruz. Marka ve model fark etmeksizin, tabletleriniz i\u00e7in en adil teklifi sunuyoruz. Tablet sat\u0131\u015f\u0131nda Zenx Bili\u015fim, her zaman yan\u0131n\u0131zda !\u00a0<strong>\u0130kinci El Tablet Alan Yerler<\/strong>\u00a0olarak T\u00fcrkiye\u2019nin t\u00fcm il ve il\u00e7elerinde hizmet vermekteyiz.\u00a0<strong>Haftan\u0131n 7 g\u00fcn\u00fc 24 saat siz de\u011ferli m\u00fc\u015fterilerimize hizmet vermekteyiz.<\/strong><br>Tablet Alan Yerler olarak bizler Tablet al\u0131m sat\u0131m i\u015flemini sekt\u00f6r\u00fcn geli\u015fmesiyle birlikte 10 senedir siz de\u011ferli m\u00fc\u015fterilerimize bu sekt\u00f6r \u00fczerinde hizmet vermekteyiz.<\/p>\n\n\n\n<p><\/p>\n\n\n\n<h1 class=\"wp-block-heading\">Ak\u0131ll\u0131 Saat<\/h1>\n\n\n\n<p>Ak\u0131ll\u0131 saatlerinizi h\u0131zl\u0131 ve adil bir fiyatla sat\u0131n al\u0131yoruz. Tek yapman\u0131z gereken bize ula\u015fmak, gerisini biz hallediyoruz. Zenx Bili\u015fim ile ak\u0131ll\u0131 saat sat\u0131\u015f\u0131, h\u0131zl\u0131 ve g\u00fcvenilir!<\/p>\n\n\n\n<p><a href=\"https:\/\/www.efesbilisim.com\/akilli-saat-alan-yerler\/\"><strong>Ak\u0131ll\u0131 saat alan yerler<\/strong><\/a>\u00a0listesinde\u00a0Zenx Bili\u015fim\u00a0olarak var olmam\u0131z\u0131n bir di\u011fer nedeni de hizmetimiz d\u0131\u015f\u0131nda ak\u0131ll\u0131 bilekliklere de yer vermemizdir. Ak\u0131ll\u0131 bileklikler, saatlere g\u00f6re daha az \u00f6zellikle donat\u0131lm\u0131\u015f olsalar da onlarda g\u00fcnl\u00fck hayat\u0131n bir par\u00e7as\u0131 halindedir. Ak\u0131ll\u0131 bileklik al\u0131mlar\u0131nda da saatlerde bakt\u0131\u011f\u0131m\u0131z gibi \u00f6zelliklere ve dokunmatik sistemine bakmaktay\u0131z.<\/p>\n\n\n\n<p><\/p>\n\n\n\n<h1 class=\"wp-block-heading\">Masa\u00fcst\u00fc Bilgisayar<\/h1>\n\n\n\n<p><a href=\"https:\/\/www.efesbilisim.com\/masaustu-bilgisayar-alan-yerler\/\"><strong>Masa\u00fcst\u00fc Bilgisayar Alan Yerler<\/strong><\/a>\u00a0arad\u0131\u011f\u0131n\u0131zda\u00a0Zenx Bili\u015fim\u00a0olarak, masa\u00fcst\u00fc bilgisayarlar\u0131n\u0131z\u0131 de\u011ferlendiriyor ve en iyi fiyat teklifini sunuyoruz. \u0130ster i\u015f ister ki\u015fisel kullan\u0131m i\u00e7in olsun, eski masa\u00fcst\u00fc bilgisayar\u0131n\u0131z\u0131 bize getirin, h\u0131zl\u0131 ve g\u00fcvenilir bir \u015fekilde nakde \u00e7evirin. Marka ve model fark etmeksizin, profesyonel ekibimiz cihaz\u0131n\u0131z\u0131 detayl\u0131 olarak inceler ve sizin i\u00e7in en uygun teklifi sunar.\u00a0Zenx Bili\u015fim\u00a0ile\u00a0<em>masa\u00fcst\u00fc bilgisayar sat\u0131\u015f\u0131 art\u0131k \u00e7ok daha kolay ve karl\u0131!<\/em><\/p>\n\n\n\n<p><em><strong>\u0130kinci El Bilgisayar Alan Yerler<\/strong><\/em>&nbsp;olarak Masa\u00fcst\u00fc, Laptop ve All \u0130n One bilgisayarlar\u0131n\u0131z\u0131 en y\u00fcksek fiyatlardan sat\u0131n almaktay\u0131z.&nbsp;<em><strong>Bilgisayar Alan Yerler<\/strong><\/em>&nbsp;olarak verdi\u011fimiz fiyatlar\u0131 kabul etti\u011finiz takdirde siz de\u011ferli m\u00fc\u015fterilerimizin bulundu\u011fu konuma gelerek en y\u00fcksek fiyatlardan nakit olarak sat\u0131n almaktay\u0131z.<\/p>\n\n\n\n<p><\/p>\n\n\n\n<h1 class=\"wp-block-heading\">Monit\u00f6r<\/h1>\n\n\n\n<p><a href=\"https:\/\/www.efesbilisim.com\/monitor-alan-yerler\/\"><strong>Monit\u00f6r Alan Yerler<\/strong><\/a>&nbsp;olarak siz de\u011ferli m\u00fc\u015fterilerimizin&nbsp;<em>S\u0131f\u0131r<\/em>&nbsp;ve&nbsp;<em>ikinci el<\/em>&nbsp;monit\u00f6rlerinizi en y\u00fcksek fiyatlardan nakit olarak sat\u0131n almaktay\u0131z. Her marka ve model Monit\u00f6rlerinizi sat\u0131n almaktay\u0131z. Firmam\u0131z T\u00fcrkiye\u2019nin t\u00fcm il ve il\u00e7elerinde siz de\u011ferli m\u00fc\u015fterilerimize hizmet vermekteyiz.&nbsp;Monit\u00f6r Alan Yerler&nbsp;olarak siz de\u011ferli m\u00fc\u015fterilerimize&nbsp;<em><strong>7 G\u00fcn 24 Saat hizmet vermekteyiz.<\/strong><\/em>&nbsp;Bizlere dan\u0131\u015fmadan asla ve asla monit\u00f6rlerinizi satmay\u0131n.<\/p>\n\n\n\n<p>Monit\u00f6rlerinizi en iyi fiyata sat\u0131n al\u0131yoruz.&nbsp;Eski veya yeni, t\u00fcm monit\u00f6rlerinizi de\u011ferlendiriyor ve size en uygun teklifi sunuyoruz. Efes Bili\u015fim ile monit\u00f6r sat\u0131\u015f\u0131 art\u0131k \u00e7ok daha kolay ve karl\u0131 !<\/p>\n\n\n\n<p><\/p>\n\n\n\n<h1 class=\"wp-block-heading\">Foto\u011fraf Makinesi<\/h1>\n\n\n\n<p>Foto\u011fraf Makinesi en iyi fiyata sat\u0131n al\u0131yoruz. Eski veya yeni, t\u00fcm monit\u00f6rlerinizi de\u011ferlendiriyor ve size en uygun teklifi sunuyoruz. Efes Bili\u015fim ile Foto\u011fraf Makinesi sat\u0131\u015f\u0131 art\u0131k \u00e7ok daha kolay ve karl\u0131 !<\/p>\n\n\n\n<p>De\u011ferinde ikinci El&nbsp;<a href=\"https:\/\/www.efesbilisim.com\/fotograf-makinesi-alan-yerler\/\"><strong>Foto\u011fraf Makinesi Alan Yerler<\/strong><\/a>&nbsp;uzman ekibimiz, 10 y\u0131l\u0131 a\u015fan tecr\u00fcbe ve alan\u0131nda uzman ekip kadrosu ile evinizden ya da i\u015f yerinizden \u00e7\u0131kmadan, firma \u00e7a\u011fr\u0131 merkezimizi arayarak fiyat bilgisi alabilir ve kabul etti\u011finizde, 1 saat i\u00e7erisinde adresinize gelerek sat\u0131n alma i\u015flemini tamamlamaktad\u0131rlar.&nbsp;<strong>Bize Dan\u0131\u015fmadan Karar Vermeyin!<\/strong><\/p>\n\n\n\n<p><\/p>\n\n\n\n<h1 class=\"wp-block-heading\">Oyun Konsolu<\/h1>\n\n\n\n<p><a href=\"https:\/\/www.efesbilisim.com\/oyun-konsolu-alan-yerler\/\"><strong>Oyun konsolu alan yerler<\/strong><\/a>\u00a0ar\u0131yorsan\u0131z Zenx Bili\u015fim olarak en iyi fiyat garantisiyle sat\u0131n al\u0131yoruz. Eski veya yeni, t\u00fcm oyun konsollar\u0131n\u0131z\u0131 de\u011ferlendiriyor ve en iyi teklifi sunuyoruz.\u00a0<em>Oyun konsolu sat\u0131\u015f\u0131nda Zenx Bili\u015fim, do\u011fru adres !<\/em><\/p>\n\n\n\n<p>Playstation 5, playstation 4, xbox oyun konsollar\u0131n\u0131z de\u011ferinde ve yerinde an\u0131nda nakite \u00e7evrilir. Nakitemi s\u0131k\u0131\u015ft\u0131n\u0131z oyun konsolunuzu yenilemek mi istiyorsunuz bizi aray\u0131n an\u0131nda fiyat verelim. Adresinize gelelim an\u0131nda nakit teslim alal\u0131m. playstation 3 k\u0131r\u0131labilir, k\u0131r\u0131lm\u0131\u015f, k\u0131r\u0131lamaz playstationlar\u0131n\u0131z an\u0131nda nakite \u00e7evrilir.<\/p>\n","protected":false},"excerpt":{"rendered":"<p>Laptop Laptop Alan Yerler\u00a0aras\u0131nda Zenx Bili\u015fim\u00a0olarak uzman ekibimiz ile siz de\u011ferli m\u00fc\u015fterilerimizin\u00a0S\u0131f\u0131r,\u00a02. El,\u00a0Ar\u0131zal\u0131,\u00a0Bozuk\u00a0Olan T\u00fcm laptop modellerinizin teknik servis ve sat\u0131n al\u0131m hizmetini yapmaktay\u0131z. Sizlerde\u00a0Laptop Satmak \u0130stiyorum\u00a0diyorsan\u0131z bizler profesyonel olarak siz de\u011ferli m\u00fc\u015fterilerimize\u00a0Antalya geneli hizmet vermekteyiz.\u00a01 saat i\u00e7inde adresinizden nakit sat\u0131n al\u0131m hizmeti vermekteyiz.\u00a0Her marka model eski, kullan\u0131lm\u0131\u015f, ikinci el notebook, laptop, diz\u00fcst\u00fc 2. el bilgisayar [&hellip;]<\/p>\n","protected":false},"author":1,"featured_media":0,"parent":0,"menu_order":1,"comment_status":"closed","ping_status":"closed","template":"templates\/template-page-full-width.php","meta":{"footnotes":""},"class_list":["post-23","page","type-page","status-publish","hentry"],"yoast_head":"<!-- This site is optimized with the Yoast SEO plugin v25.3 - https:\/\/yoast.com\/wordpress\/plugins\/seo\/ -->\n<title>Hemen Sat - Antalya&#039;da Bilgisayarlar\u0131n\u0131z De\u011ferinden Nakit Al\u0131n\u0131r<\/title>\n<meta name=\"robots\" content=\"index, follow, max-snippet:-1, max-image-preview:large, max-video-preview:-1\" \/>\n<link rel=\"canonical\" href=\"https:\/\/antalyabilgisayaralimsatim.com\/?page_id=23\" \/>\n<meta property=\"og:locale\" content=\"tr_TR\" \/>\n<meta property=\"og:type\" content=\"article\" \/>\n<meta property=\"og:title\" content=\"Hemen Sat - Antalya&#039;da Bilgisayarlar\u0131n\u0131z De\u011ferinden Nakit Al\u0131n\u0131r\" \/>\n<meta property=\"og:description\" content=\"Laptop Laptop Alan Yerler\u00a0aras\u0131nda Zenx Bili\u015fim\u00a0olarak uzman ekibimiz ile siz de\u011ferli m\u00fc\u015fterilerimizin\u00a0S\u0131f\u0131r,\u00a02. El,\u00a0Ar\u0131zal\u0131,\u00a0Bozuk\u00a0Olan T\u00fcm laptop modellerinizin teknik servis ve sat\u0131n al\u0131m hizmetini yapmaktay\u0131z. Sizlerde\u00a0Laptop Satmak \u0130stiyorum\u00a0diyorsan\u0131z bizler profesyonel olarak siz de\u011ferli m\u00fc\u015fterilerimize\u00a0Antalya geneli hizmet vermekteyiz.\u00a01 saat i\u00e7inde adresinizden nakit sat\u0131n al\u0131m hizmeti vermekteyiz.\u00a0Her marka model eski, kullan\u0131lm\u0131\u015f, ikinci el notebook, laptop, diz\u00fcst\u00fc 2. el bilgisayar [&hellip;]\" \/>\n<meta property=\"og:url\" content=\"https:\/\/antalyabilgisayaralimsatim.com\/?page_id=23\" \/>\n<meta property=\"og:site_name\" content=\"Antalya&#039;da Bilgisayarlar\u0131n\u0131z De\u011ferinden Nakit Al\u0131n\u0131r\" \/>\n<meta property=\"article:modified_time\" content=\"2025-06-16T07:27:48+00:00\" \/>\n<meta name=\"twitter:card\" content=\"summary_large_image\" \/>\n<meta name=\"twitter:label1\" content=\"Tahmini okuma s\u00fcresi\" \/>\n\t<meta name=\"twitter:data1\" content=\"4 dakika\" \/>\n<script type=\"application\/ld+json\" class=\"yoast-schema-graph\">{\"@context\":\"https:\/\/schema.org\",\"@graph\":[{\"@type\":\"WebPage\",\"@id\":\"https:\/\/antalyabilgisayaralimsatim.com\/?page_id=23\",\"url\":\"https:\/\/antalyabilgisayaralimsatim.com\/?page_id=23\",\"name\":\"Hemen Sat - Antalya&#039;da Bilgisayarlar\u0131n\u0131z De\u011ferinden Nakit Al\u0131n\u0131r\",\"isPartOf\":{\"@id\":\"https:\/\/antalyabilgisayaralimsatim.com\/#website\"},\"datePublished\":\"2025-06-13T16:26:16+00:00\",\"dateModified\":\"2025-06-16T07:27:48+00:00\",\"breadcrumb\":{\"@id\":\"https:\/\/antalyabilgisayaralimsatim.com\/?page_id=23#breadcrumb\"},\"inLanguage\":\"tr\",\"potentialAction\":[{\"@type\":\"ReadAction\",\"target\":[\"https:\/\/antalyabilgisayaralimsatim.com\/?page_id=23\"]}]},{\"@type\":\"BreadcrumbList\",\"@id\":\"https:\/\/antalyabilgisayaralimsatim.com\/?page_id=23#breadcrumb\",\"itemListElement\":[{\"@type\":\"ListItem\",\"position\":1,\"name\":\"Anasayfa\",\"item\":\"https:\/\/antalyabilgisayaralimsatim.com\/\"},{\"@type\":\"ListItem\",\"position\":2,\"name\":\"Hemen Sat\"}]},{\"@type\":\"WebSite\",\"@id\":\"https:\/\/antalyabilgisayaralimsatim.com\/#website\",\"url\":\"https:\/\/antalyabilgisayaralimsatim.com\/\",\"name\":\"Antalya&#039;da Bilgisayarlar\u0131n\u0131z De\u011ferinden Nakit Al\u0131n\u0131r\",\"description\":\"\",\"publisher\":{\"@id\":\"https:\/\/antalyabilgisayaralimsatim.com\/#organization\"},\"potentialAction\":[{\"@type\":\"SearchAction\",\"target\":{\"@type\":\"EntryPoint\",\"urlTemplate\":\"https:\/\/antalyabilgisayaralimsatim.com\/?s={search_term_string}\"},\"query-input\":{\"@type\":\"PropertyValueSpecification\",\"valueRequired\":true,\"valueName\":\"search_term_string\"}}],\"inLanguage\":\"tr\"},{\"@type\":\"Organization\",\"@id\":\"https:\/\/antalyabilgisayaralimsatim.com\/#organization\",\"name\":\"Antalya&#039;da Bilgisayarlar\u0131n\u0131z De\u011ferinden Nakit Al\u0131n\u0131r\",\"url\":\"https:\/\/antalyabilgisayaralimsatim.com\/\",\"logo\":{\"@type\":\"ImageObject\",\"inLanguage\":\"tr\",\"@id\":\"https:\/\/antalyabilgisayaralimsatim.com\/#\/schema\/logo\/image\/\",\"url\":\"https:\/\/antalyabilgisayaralimsatim.com\/wp-content\/uploads\/2025\/06\/cropped-0dc4eb687fb31eefd1dc30a0ae1eeae0cd4960e3-1.png\",\"contentUrl\":\"https:\/\/antalyabilgisayaralimsatim.com\/wp-content\/uploads\/2025\/06\/cropped-0dc4eb687fb31eefd1dc30a0ae1eeae0cd4960e3-1.png\",\"width\":240,\"height\":62,\"caption\":\"Antalya&#039;da Bilgisayarlar\u0131n\u0131z De\u011ferinden Nakit Al\u0131n\u0131r\"},\"image\":{\"@id\":\"https:\/\/antalyabilgisayaralimsatim.com\/#\/schema\/logo\/image\/\"}}]}<\/script>\n<!-- \/ Yoast SEO plugin. -->","yoast_head_json":{"title":"Hemen Sat - Antalya&#039;da Bilgisayarlar\u0131n\u0131z De\u011ferinden Nakit Al\u0131n\u0131r","robots":{"index":"index","follow":"follow","max-snippet":"max-snippet:-1","max-image-preview":"max-image-preview:large","max-video-preview":"max-video-preview:-1"},"canonical":"https:\/\/antalyabilgisayaralimsatim.com\/?page_id=23","og_locale":"tr_TR","og_type":"article","og_title":"Hemen Sat - Antalya&#039;da Bilgisayarlar\u0131n\u0131z De\u011ferinden Nakit Al\u0131n\u0131r","og_description":"Laptop Laptop Alan Yerler\u00a0aras\u0131nda Zenx Bili\u015fim\u00a0olarak uzman ekibimiz ile siz de\u011ferli m\u00fc\u015fterilerimizin\u00a0S\u0131f\u0131r,\u00a02. El,\u00a0Ar\u0131zal\u0131,\u00a0Bozuk\u00a0Olan T\u00fcm laptop modellerinizin teknik servis ve sat\u0131n al\u0131m hizmetini yapmaktay\u0131z. Sizlerde\u00a0Laptop Satmak \u0130stiyorum\u00a0diyorsan\u0131z bizler profesyonel olarak siz de\u011ferli m\u00fc\u015fterilerimize\u00a0Antalya geneli hizmet vermekteyiz.\u00a01 saat i\u00e7inde adresinizden nakit sat\u0131n al\u0131m hizmeti vermekteyiz.\u00a0Her marka model eski, kullan\u0131lm\u0131\u015f, ikinci el notebook, laptop, diz\u00fcst\u00fc 2. el bilgisayar [&hellip;]","og_url":"https:\/\/antalyabilgisayaralimsatim.com\/?page_id=23","og_site_name":"Antalya&#039;da Bilgisayarlar\u0131n\u0131z De\u011ferinden Nakit Al\u0131n\u0131r","article_modified_time":"2025-06-16T07:27:48+00:00","twitter_card":"summary_large_image","twitter_misc":{"Tahmini okuma s\u00fcresi":"4 dakika"},"schema":{"@context":"https:\/\/schema.org","@graph":[{"@type":"WebPage","@id":"https:\/\/antalyabilgisayaralimsatim.com\/?page_id=23","url":"https:\/\/antalyabilgisayaralimsatim.com\/?page_id=23","name":"Hemen Sat - Antalya&#039;da Bilgisayarlar\u0131n\u0131z De\u011ferinden Nakit Al\u0131n\u0131r","isPartOf":{"@id":"https:\/\/antalyabilgisayaralimsatim.com\/#website"},"datePublished":"2025-06-13T16:26:16+00:00","dateModified":"2025-06-16T07:27:48+00:00","breadcrumb":{"@id":"https:\/\/antalyabilgisayaralimsatim.com\/?page_id=23#breadcrumb"},"inLanguage":"tr","potentialAction":[{"@type":"ReadAction","target":["https:\/\/antalyabilgisayaralimsatim.com\/?page_id=23"]}]},{"@type":"BreadcrumbList","@id":"https:\/\/antalyabilgisayaralimsatim.com\/?page_id=23#breadcrumb","itemListElement":[{"@type":"ListItem","position":1,"name":"Anasayfa","item":"https:\/\/antalyabilgisayaralimsatim.com\/"},{"@type":"ListItem","position":2,"name":"Hemen Sat"}]},{"@type":"WebSite","@id":"https:\/\/antalyabilgisayaralimsatim.com\/#website","url":"https:\/\/antalyabilgisayaralimsatim.com\/","name":"Antalya&#039;da Bilgisayarlar\u0131n\u0131z De\u011ferinden Nakit Al\u0131n\u0131r","description":"","publisher":{"@id":"https:\/\/antalyabilgisayaralimsatim.com\/#organization"},"potentialAction":[{"@type":"SearchAction","target":{"@type":"EntryPoint","urlTemplate":"https:\/\/antalyabilgisayaralimsatim.com\/?s={search_term_string}"},"query-input":{"@type":"PropertyValueSpecification","valueRequired":true,"valueName":"search_term_string"}}],"inLanguage":"tr"},{"@type":"Organization","@id":"https:\/\/antalyabilgisayaralimsatim.com\/#organization","name":"Antalya&#039;da Bilgisayarlar\u0131n\u0131z De\u011ferinden Nakit Al\u0131n\u0131r","url":"https:\/\/antalyabilgisayaralimsatim.com\/","logo":{"@type":"ImageObject","inLanguage":"tr","@id":"https:\/\/antalyabilgisayaralimsatim.com\/#\/schema\/logo\/image\/","url":"https:\/\/antalyabilgisayaralimsatim.com\/wp-content\/uploads\/2025\/06\/cropped-0dc4eb687fb31eefd1dc30a0ae1eeae0cd4960e3-1.png","contentUrl":"https:\/\/antalyabilgisayaralimsatim.com\/wp-content\/uploads\/2025\/06\/cropped-0dc4eb687fb31eefd1dc30a0ae1eeae0cd4960e3-1.png","width":240,"height":62,"caption":"Antalya&#039;da Bilgisayarlar\u0131n\u0131z De\u011ferinden Nakit Al\u0131n\u0131r"},"image":{"@id":"https:\/\/antalyabilgisayaralimsatim.com\/#\/schema\/logo\/image\/"}}]}},"_links":{"self":[{"href":"https:\/\/antalyabilgisayaralimsatim.com\/index.php?rest_route=\/wp\/v2\/pages\/23","targetHints":{"allow":["GET"]}}],"collection":[{"href":"https:\/\/antalyabilgisayaralimsatim.com\/index.php?rest_route=\/wp\/v2\/pages"}],"about":[{"href":"https:\/\/antalyabilgisayaralimsatim.com\/index.php?rest_route=\/wp\/v2\/types\/page"}],"author":[{"embeddable":true,"href":"https:\/\/antalyabilgisayaralimsatim.com\/index.php?rest_route=\/wp\/v2\/users\/1"}],"replies":[{"embeddable":true,"href":"https:\/\/antalyabilgisayaralimsatim.com\/index.php?rest_route=%2Fwp%2Fv2%2Fcomments&post=23"}],"version-history":[{"count":3,"href":"https:\/\/antalyabilgisayaralimsatim.com\/index.php?rest_route=\/wp\/v2\/pages\/23\/revisions"}],"predecessor-version":[{"id":47,"href":"https:\/\/antalyabilgisayaralimsatim.com\/index.php?rest_route=\/wp\/v2\/pages\/23\/revisions\/47"}],"wp:attachment":[{"href":"https:\/\/antalyabilgisayaralimsatim.com\/index.php?rest_route=%2Fwp%2Fv2%2Fmedia&parent=23"}],"curies":[{"name":"wp","href":"https:\/\/api.w.org\/{rel}","templated":true}]}}